{"id":484,"date":"2024-02-21T23:06:30","date_gmt":"2024-02-21T22:06:30","guid":{"rendered":"https:\/\/mdjelectricite.fr\/?page_id=484"},"modified":"2025-09-19T18:09:18","modified_gmt":"2025-09-19T16:09:18","slug":"renovation-electrique","status":"publish","type":"page","link":"https:\/\/www.mdjelectricite.fr\/index.php\/renovation-electrique\/","title":{"rendered":"R\u00e9novation"},"content":{"rendered":"\t\t<div data-elementor-type=\"wp-page\" data-elementor-id=\"484\" class=\"elementor elementor-484\">\n\t\t\t\t<div class=\"elementor-element elementor-element-3573981 e-con-full e-flex e-con e-parent\" data-id=\"3573981\" data-element_type=\"container\">\n\t\t\t\t<div class=\"elementor-element elementor-element-fa52d52 elementor-widget__width-initial elementor-drop-cap-yes elementor-drop-cap-view-default elementor-widget elementor-widget-text-editor\" data-id=\"fa52d52\" data-element_type=\"widget\" data-settings=\"{&quot;drop_cap&quot;:&quot;yes&quot;}\" data-widget_type=\"text-editor.default\">\n\t\t\t\t<div class=\"elementor-widget-container\">\n\t\t\t\t\t\t\t\t\t<p style=\"text-align: center;\"><strong><span style=\"color: #312c7e;\">Intervention sur Haute Goulaine, r\u00e9gion Sud Loire et Nantes<\/span><\/strong><\/p>\t\t\t\t\t\t\t\t<\/div>\n\t\t\t\t<\/div>\n\t\t\t\t<\/div>\n\t\t<div class=\"elementor-element elementor-element-cff9465 e-flex e-con-boxed e-con e-parent\" data-id=\"cff9465\" data-element_type=\"container\">\n\t\t\t\t\t<div class=\"e-con-inner\">\n\t\t<div class=\"elementor-element elementor-element-45571e6 e-con-full e-flex e-con e-child\" data-id=\"45571e6\" data-element_type=\"container\">\n\t\t\t\t<div class=\"elementor-element elementor-element-fea060a elementor-widget elementor-widget-image\" data-id=\"fea060a\" data-element_type=\"widget\" data-widget_type=\"image.default\">\n\t\t\t\t<div class=\"elementor-widget-container\">\n\t\t\t\t\t\t\t\t\t\t\t\t\t\t\t<img fetchpriority=\"high\" decoding=\"async\" width=\"700\" height=\"300\" src=\"https:\/\/www.mdjelectricite.fr\/wp-content\/uploads\/2025\/09\/renovation-electrique-prix.jpg\" class=\"attachment-large size-large wp-image-1075\" alt=\"\" srcset=\"https:\/\/www.mdjelectricite.fr\/wp-content\/uploads\/2025\/09\/renovation-electrique-prix.jpg 700w, https:\/\/www.mdjelectricite.fr\/wp-content\/uploads\/2025\/09\/renovation-electrique-prix-300x129.jpg 300w\" sizes=\"(max-width: 700px) 100vw, 700px\" \/>\t\t\t\t\t\t\t\t\t\t\t\t\t\t\t<\/div>\n\t\t\t\t<\/div>\n\t\t\t\t<\/div>\n\t\t<div class=\"elementor-element elementor-element-eb1f323 e-con-full e-flex e-con e-child\" data-id=\"eb1f323\" data-element_type=\"container\">\n\t\t\t\t<div class=\"elementor-element elementor-element-906990c elementor-widget elementor-widget-text-editor\" data-id=\"906990c\" data-element_type=\"widget\" data-widget_type=\"text-editor.default\">\n\t\t\t\t<div class=\"elementor-widget-container\">\n\t\t\t\t\t\t\t\t\t<p><span style=\"color: #000000;\">\u26a1 <strong data-start=\"299\" data-end=\"338\">R\u00e9novation \u00e9lectrique des logements<\/strong> : maisons, appartements<\/span><\/p>\n<p><span style=\"color: #000000;\">\ud83c\udfe2 <strong data-start=\"368\" data-end=\"419\">R\u00e9novation \u00e9lectrique des locaux professionnels<\/strong> : commerces, bureaux, ateliers\u2026<\/span><\/p>\n<p><span style=\"color: #000000;\">\u2705 <strong data-start=\"456\" data-end=\"478\">Mise en conformit\u00e9<\/strong> des installations domestiques et professionnelles<\/span><\/p>\n<p><span style=\"color: #000000;\">\ud83c\udf10 <strong data-start=\"534\" data-end=\"565\">C\u00e2blage r\u00e9seau (RJ45, etc.)<\/strong> pour une connexion performante<\/span><\/p>\n<p><span style=\"color: #000000;\">\ud83d\udca1 <strong data-start=\"602\" data-end=\"646\">Installation d\u2019appareillages \u00e9lectriques<\/strong> : prises, \u00e9clairages, interrupteurs\u2026<\/span><\/p>\n<p><span style=\"color: #000000;\">\ud83d\udd27 <strong data-start=\"689\" data-end=\"735\">Pose ou remplacement de tableau \u00e9lectrique<\/strong><\/span><\/p>\n<p><span style=\"color: #000000;\">\ud83c\udfe2 <strong data-start=\"741\" data-end=\"775\">Colonnes montantes d\u2019immeubles<\/strong> : installation, v\u00e9rification, remplacement<\/span><\/p>\n<p>\u00a0<\/p>\n<p><span style=\"color: #333399;\"><strong>\ud83d\udc49 Des solutions fiables, conformes aux normes, et adapt\u00e9es aux besoins.<\/strong><\/span><\/p>\t\t\t\t\t\t\t\t<\/div>\n\t\t\t\t<\/div>\n\t\t\t\t<\/div>\n\t\t\t\t\t<\/div>\n\t\t\t\t<\/div>\n\t\t<div class=\"elementor-element elementor-element-c394a82 e-flex e-con-boxed e-con e-parent\" data-id=\"c394a82\" data-element_type=\"container\">\n\t\t\t\t\t<div class=\"e-con-inner\">\n\t\t\t\t<div class=\"elementor-element elementor-element-60393c2 elementor-widget elementor-widget-text-editor\" data-id=\"60393c2\" data-element_type=\"widget\" data-widget_type=\"text-editor.default\">\n\t\t\t\t<div class=\"elementor-widget-container\">\n\t\t\t\t\t\t\t\t\t<p><span style=\"color: #000000;\"><strong>Coordonn\u00e9es :<\/strong> <\/span><\/p><p><span style=\"color: #000000;\">Mob : 07 49 95 71 51<\/span><br \/><span style=\"color: #000000;\">Mail : matovic@mdjelectricite.fr<\/span><\/p>\t\t\t\t\t\t\t\t<\/div>\n\t\t\t\t<\/div>\n\t\t\t\t\t<\/div>\n\t\t\t\t<\/div>\n\t\t\t\t<\/div>\n\t\t","protected":false},"excerpt":{"rendered":"<p>Intervention sur Haute Goulaine, r\u00e9gion Sud Loire et Nantes \u26a1 R\u00e9novation \u00e9lectrique des logements : maisons, appartements \ud83c\udfe2 R\u00e9novation \u00e9lectrique des locaux professionnels : commerces, bureaux, ateliers\u2026 \u2705 Mise en conformit\u00e9 des installations domestiques et professionnelles \ud83c\udf10 C\u00e2blage r\u00e9seau (RJ45, etc.) pour une connexion performante \ud83d\udca1 Installation d\u2019appareillages \u00e9lectriques : prises, \u00e9clairages, interrupteurs\u2026 \ud83d\udd27 Pose&hellip; <br \/> <a class=\"read-more\" href=\"https:\/\/www.mdjelectricite.fr\/index.php\/renovation-electrique\/\">Lire la suite<\/a><\/p>\n","protected":false},"author":1,"featured_media":0,"parent":0,"menu_order":0,"comment_status":"closed","ping_status":"closed","template":"","meta":{"footnotes":""},"class_list":["post-484","page","type-page","status-publish","hentry"],"yoast_head":"<!-- This site is optimized with the Yoast SEO plugin v26.1.1 - https:\/\/yoast.com\/wordpress\/plugins\/seo\/ -->\n<title>R\u00e9novation - MDJ Electricit\u00e9<\/title>\n<meta name=\"robots\" content=\"index, follow, max-snippet:-1, max-image-preview:large, max-video-preview:-1\" \/>\n<link rel=\"canonical\" href=\"https:\/\/www.mdjelectricite.fr\/index.php\/renovation-electrique\/\" \/>\n<meta property=\"og:locale\" content=\"fr_FR\" \/>\n<meta property=\"og:type\" content=\"article\" \/>\n<meta property=\"og:title\" content=\"R\u00e9novation - MDJ Electricit\u00e9\" \/>\n<meta property=\"og:description\" content=\"Intervention sur Haute Goulaine, r\u00e9gion Sud Loire et Nantes \u26a1 R\u00e9novation \u00e9lectrique des logements : maisons, appartements \ud83c\udfe2 R\u00e9novation \u00e9lectrique des locaux professionnels : commerces, bureaux, ateliers\u2026 \u2705 Mise en conformit\u00e9 des installations domestiques et professionnelles \ud83c\udf10 C\u00e2blage r\u00e9seau (RJ45, etc.) pour une connexion performante \ud83d\udca1 Installation d\u2019appareillages \u00e9lectriques : prises, \u00e9clairages, interrupteurs\u2026 \ud83d\udd27 Pose&hellip; Lire la suite\" \/>\n<meta property=\"og:url\" content=\"https:\/\/www.mdjelectricite.fr\/index.php\/renovation-electrique\/\" \/>\n<meta property=\"og:site_name\" content=\"MDJ Electricit\u00e9\" \/>\n<meta property=\"article:modified_time\" content=\"2025-09-19T16:09:18+00:00\" \/>\n<meta property=\"og:image\" content=\"https:\/\/www.mdjelectricite.fr\/wp-content\/uploads\/2025\/09\/renovation-electrique-prix.jpg\" \/>\n\t<meta property=\"og:image:width\" content=\"700\" \/>\n\t<meta property=\"og:image:height\" content=\"300\" \/>\n\t<meta property=\"og:image:type\" content=\"image\/jpeg\" \/>\n<meta name=\"twitter:card\" content=\"summary_large_image\" \/>\n<meta name=\"twitter:label1\" content=\"Dur\u00e9e de lecture estim\u00e9e\" \/>\n\t<meta name=\"twitter:data1\" content=\"3 minutes\" \/>\n<script type=\"application\/ld+json\" class=\"yoast-schema-graph\">{\"@context\":\"https:\/\/schema.org\",\"@graph\":[{\"@type\":\"WebPage\",\"@id\":\"https:\/\/www.mdjelectricite.fr\/index.php\/renovation-electrique\/\",\"url\":\"https:\/\/www.mdjelectricite.fr\/index.php\/renovation-electrique\/\",\"name\":\"R\u00e9novation - MDJ Electricit\u00e9\",\"isPartOf\":{\"@id\":\"https:\/\/www.mdjelectricite.fr\/#website\"},\"primaryImageOfPage\":{\"@id\":\"https:\/\/www.mdjelectricite.fr\/index.php\/renovation-electrique\/#primaryimage\"},\"image\":{\"@id\":\"https:\/\/www.mdjelectricite.fr\/index.php\/renovation-electrique\/#primaryimage\"},\"thumbnailUrl\":\"https:\/\/www.mdjelectricite.fr\/wp-content\/uploads\/2025\/09\/renovation-electrique-prix.jpg\",\"datePublished\":\"2024-02-21T22:06:30+00:00\",\"dateModified\":\"2025-09-19T16:09:18+00:00\",\"breadcrumb\":{\"@id\":\"https:\/\/www.mdjelectricite.fr\/index.php\/renovation-electrique\/#breadcrumb\"},\"inLanguage\":\"fr-FR\",\"potentialAction\":[{\"@type\":\"ReadAction\",\"target\":[\"https:\/\/www.mdjelectricite.fr\/index.php\/renovation-electrique\/\"]}]},{\"@type\":\"ImageObject\",\"inLanguage\":\"fr-FR\",\"@id\":\"https:\/\/www.mdjelectricite.fr\/index.php\/renovation-electrique\/#primaryimage\",\"url\":\"https:\/\/www.mdjelectricite.fr\/wp-content\/uploads\/2025\/09\/renovation-electrique-prix.jpg\",\"contentUrl\":\"https:\/\/www.mdjelectricite.fr\/wp-content\/uploads\/2025\/09\/renovation-electrique-prix.jpg\",\"width\":700,\"height\":300},{\"@type\":\"BreadcrumbList\",\"@id\":\"https:\/\/www.mdjelectricite.fr\/index.php\/renovation-electrique\/#breadcrumb\",\"itemListElement\":[{\"@type\":\"ListItem\",\"position\":1,\"name\":\"Accueil\",\"item\":\"https:\/\/www.mdjelectricite.fr\/\"},{\"@type\":\"ListItem\",\"position\":2,\"name\":\"R\u00e9novation\"}]},{\"@type\":\"WebSite\",\"@id\":\"https:\/\/www.mdjelectricite.fr\/#website\",\"url\":\"https:\/\/www.mdjelectricite.fr\/\",\"name\":\"www.mdjelectricite.fr\",\"description\":\"Electricit\u00e9 g\u00e9n\u00e9rale, neuf, r\u00e9novation\",\"publisher\":{\"@id\":\"https:\/\/www.mdjelectricite.fr\/#organization\"},\"potentialAction\":[{\"@type\":\"SearchAction\",\"target\":{\"@type\":\"EntryPoint\",\"urlTemplate\":\"https:\/\/www.mdjelectricite.fr\/?s={search_term_string}\"},\"query-input\":{\"@type\":\"PropertyValueSpecification\",\"valueRequired\":true,\"valueName\":\"search_term_string\"}}],\"inLanguage\":\"fr-FR\"},{\"@type\":\"Organization\",\"@id\":\"https:\/\/www.mdjelectricite.fr\/#organization\",\"name\":\"MDJ Electricit\u00e9\",\"url\":\"https:\/\/www.mdjelectricite.fr\/\",\"logo\":{\"@type\":\"ImageObject\",\"inLanguage\":\"fr-FR\",\"@id\":\"https:\/\/www.mdjelectricite.fr\/#\/schema\/logo\/image\/\",\"url\":\"https:\/\/www.mdjelectricite.fr\/wp-content\/uploads\/2024\/02\/cropped-logo-mdj-2.jpg\",\"contentUrl\":\"https:\/\/www.mdjelectricite.fr\/wp-content\/uploads\/2024\/02\/cropped-logo-mdj-2.jpg\",\"width\":706,\"height\":701,\"caption\":\"MDJ Electricit\u00e9\"},\"image\":{\"@id\":\"https:\/\/www.mdjelectricite.fr\/#\/schema\/logo\/image\/\"},\"sameAs\":[\"https:\/\/www.instagram.com\/mdj_electricite?igsh=MXcxOWhuaHQ4MzMzag==\"]}]}<\/script>\n<!-- \/ Yoast SEO plugin. -->","yoast_head_json":{"title":"R\u00e9novation - MDJ Electricit\u00e9","robots":{"index":"index","follow":"follow","max-snippet":"max-snippet:-1","max-image-preview":"max-image-preview:large","max-video-preview":"max-video-preview:-1"},"canonical":"https:\/\/www.mdjelectricite.fr\/index.php\/renovation-electrique\/","og_locale":"fr_FR","og_type":"article","og_title":"R\u00e9novation - MDJ Electricit\u00e9","og_description":"Intervention sur Haute Goulaine, r\u00e9gion Sud Loire et Nantes \u26a1 R\u00e9novation \u00e9lectrique des logements : maisons, appartements \ud83c\udfe2 R\u00e9novation \u00e9lectrique des locaux professionnels : commerces, bureaux, ateliers\u2026 \u2705 Mise en conformit\u00e9 des installations domestiques et professionnelles \ud83c\udf10 C\u00e2blage r\u00e9seau (RJ45, etc.) pour une connexion performante \ud83d\udca1 Installation d\u2019appareillages \u00e9lectriques : prises, \u00e9clairages, interrupteurs\u2026 \ud83d\udd27 Pose&hellip; Lire la suite","og_url":"https:\/\/www.mdjelectricite.fr\/index.php\/renovation-electrique\/","og_site_name":"MDJ Electricit\u00e9","article_modified_time":"2025-09-19T16:09:18+00:00","og_image":[{"width":700,"height":300,"url":"https:\/\/www.mdjelectricite.fr\/wp-content\/uploads\/2025\/09\/renovation-electrique-prix.jpg","type":"image\/jpeg"}],"twitter_card":"summary_large_image","twitter_misc":{"Dur\u00e9e de lecture estim\u00e9e":"3 minutes"},"schema":{"@context":"https:\/\/schema.org","@graph":[{"@type":"WebPage","@id":"https:\/\/www.mdjelectricite.fr\/index.php\/renovation-electrique\/","url":"https:\/\/www.mdjelectricite.fr\/index.php\/renovation-electrique\/","name":"R\u00e9novation - MDJ Electricit\u00e9","isPartOf":{"@id":"https:\/\/www.mdjelectricite.fr\/#website"},"primaryImageOfPage":{"@id":"https:\/\/www.mdjelectricite.fr\/index.php\/renovation-electrique\/#primaryimage"},"image":{"@id":"https:\/\/www.mdjelectricite.fr\/index.php\/renovation-electrique\/#primaryimage"},"thumbnailUrl":"https:\/\/www.mdjelectricite.fr\/wp-content\/uploads\/2025\/09\/renovation-electrique-prix.jpg","datePublished":"2024-02-21T22:06:30+00:00","dateModified":"2025-09-19T16:09:18+00:00","breadcrumb":{"@id":"https:\/\/www.mdjelectricite.fr\/index.php\/renovation-electrique\/#breadcrumb"},"inLanguage":"fr-FR","potentialAction":[{"@type":"ReadAction","target":["https:\/\/www.mdjelectricite.fr\/index.php\/renovation-electrique\/"]}]},{"@type":"ImageObject","inLanguage":"fr-FR","@id":"https:\/\/www.mdjelectricite.fr\/index.php\/renovation-electrique\/#primaryimage","url":"https:\/\/www.mdjelectricite.fr\/wp-content\/uploads\/2025\/09\/renovation-electrique-prix.jpg","contentUrl":"https:\/\/www.mdjelectricite.fr\/wp-content\/uploads\/2025\/09\/renovation-electrique-prix.jpg","width":700,"height":300},{"@type":"BreadcrumbList","@id":"https:\/\/www.mdjelectricite.fr\/index.php\/renovation-electrique\/#breadcrumb","itemListElement":[{"@type":"ListItem","position":1,"name":"Accueil","item":"https:\/\/www.mdjelectricite.fr\/"},{"@type":"ListItem","position":2,"name":"R\u00e9novation"}]},{"@type":"WebSite","@id":"https:\/\/www.mdjelectricite.fr\/#website","url":"https:\/\/www.mdjelectricite.fr\/","name":"www.mdjelectricite.fr","description":"Electricit\u00e9 g\u00e9n\u00e9rale, neuf, r\u00e9novation","publisher":{"@id":"https:\/\/www.mdjelectricite.fr\/#organization"},"potentialAction":[{"@type":"SearchAction","target":{"@type":"EntryPoint","urlTemplate":"https:\/\/www.mdjelectricite.fr\/?s={search_term_string}"},"query-input":{"@type":"PropertyValueSpecification","valueRequired":true,"valueName":"search_term_string"}}],"inLanguage":"fr-FR"},{"@type":"Organization","@id":"https:\/\/www.mdjelectricite.fr\/#organization","name":"MDJ Electricit\u00e9","url":"https:\/\/www.mdjelectricite.fr\/","logo":{"@type":"ImageObject","inLanguage":"fr-FR","@id":"https:\/\/www.mdjelectricite.fr\/#\/schema\/logo\/image\/","url":"https:\/\/www.mdjelectricite.fr\/wp-content\/uploads\/2024\/02\/cropped-logo-mdj-2.jpg","contentUrl":"https:\/\/www.mdjelectricite.fr\/wp-content\/uploads\/2024\/02\/cropped-logo-mdj-2.jpg","width":706,"height":701,"caption":"MDJ Electricit\u00e9"},"image":{"@id":"https:\/\/www.mdjelectricite.fr\/#\/schema\/logo\/image\/"},"sameAs":["https:\/\/www.instagram.com\/mdj_electricite?igsh=MXcxOWhuaHQ4MzMzag=="]}]}},"_links":{"self":[{"href":"https:\/\/www.mdjelectricite.fr\/index.php\/wp-json\/wp\/v2\/pages\/484","targetHints":{"allow":["GET"]}}],"collection":[{"href":"https:\/\/www.mdjelectricite.fr\/index.php\/wp-json\/wp\/v2\/pages"}],"about":[{"href":"https:\/\/www.mdjelectricite.fr\/index.php\/wp-json\/wp\/v2\/types\/page"}],"author":[{"embeddable":true,"href":"https:\/\/www.mdjelectricite.fr\/index.php\/wp-json\/wp\/v2\/users\/1"}],"replies":[{"embeddable":true,"href":"https:\/\/www.mdjelectricite.fr\/index.php\/wp-json\/wp\/v2\/comments?post=484"}],"version-history":[{"count":89,"href":"https:\/\/www.mdjelectricite.fr\/index.php\/wp-json\/wp\/v2\/pages\/484\/revisions"}],"predecessor-version":[{"id":1120,"href":"https:\/\/www.mdjelectricite.fr\/index.php\/wp-json\/wp\/v2\/pages\/484\/revisions\/1120"}],"wp:attachment":[{"href":"https:\/\/www.mdjelectricite.fr\/index.php\/wp-json\/wp\/v2\/media?parent=484"}],"curies":[{"name":"wp","href":"https:\/\/api.w.org\/{rel}","templated":true}]}}